{"id":679,"date":"2021-06-10T00:04:51","date_gmt":"2021-06-10T00:04:51","guid":{"rendered":"http:\/\/box5167.temp.domains\/~contaxgt\/hoteltoliman\/?page_id=679"},"modified":"2025-08-22T05:45:06","modified_gmt":"2025-08-22T05:45:06","slug":"restaurant","status":"publish","type":"page","link":"https:\/\/hoteltoliman.com\/es\/restaurant\/","title":{"rendered":"Restaurante"},"content":{"rendered":"<div data-elementor-type=\"wp-page\" data-elementor-id=\"679\" class=\"elementor elementor-679\">\n\t\t\t\t\t\t<section class=\"elementor-section elementor-top-section elementor-element elementor-element-6tvy454 elementor-section-height-full elementor-section-full_width elementor-section-height-default elementor-section-items-middle\" data-id=\"6tvy454\" data-element_type=\"section\" data-e-type=\"section\" data-settings=\"{&quot;background_background&quot;:&quot;classic&quot;}\">\n\t\t\t\t\t\t\t<div class=\"elementor-background-overlay\"><\/div>\n\t\t\t\t\t\t\t<div class=\"elementor-container elementor-column-gap-default\">\n\t\t\t\t\t<div class=\"elementor-column elementor-col-100 elementor-top-column elementor-element elementor-element-sk8ylc5\" data-id=\"sk8ylc5\" data-element_type=\"column\" data-e-type=\"column\">\n\t\t\t<div class=\"elementor-widget-wrap elementor-element-populated\">\n\t\t\t\t\t\t<div class=\"elementor-element elementor-element-8mmzn2w no-margin elementor-widget elementor-widget-heading\" data-id=\"8mmzn2w\" data-element_type=\"widget\" data-e-type=\"widget\" data-widget_type=\"heading.default\">\n\t\t\t\t<div class=\"elementor-widget-container\">\n\t\t\t\t\t<h2 class=\"elementor-heading-title elementor-size-default\">Restaurante<\/h2>\t\t\t\t<\/div>\n\t\t\t\t<\/div>\n\t\t\t\t<div class=\"elementor-element elementor-element-695efe3 elementor-widget elementor-widget-heading\" data-id=\"695efe3\" data-element_type=\"widget\" data-e-type=\"widget\" data-widget_type=\"heading.default\">\n\t\t\t\t<div class=\"elementor-widget-container\">\n\t\t\t\t\t<h2 class=\"elementor-heading-title elementor-size-default\">Organic &amp; Local<\/h2>\t\t\t\t<\/div>\n\t\t\t\t<\/div>\n\t\t\t\t<div class=\"elementor-element elementor-element-3cxzxx1 elementor-align-center elementor-widget elementor-widget-button\" data-id=\"3cxzxx1\" data-element_type=\"widget\" data-e-type=\"widget\" data-widget_type=\"button.default\">\n\t\t\t\t<div class=\"elementor-widget-container\">\n\t\t\t\t\t\t\t\t\t<div class=\"elementor-button-wrapper\">\n\t\t\t\t\t<a class=\"elementor-button elementor-button-link elementor-size-sm\" href=\"https:\/\/hoteltoliman.com\/es\/booking\/\">\n\t\t\t\t\t\t<span class=\"elementor-button-content-wrapper\">\n\t\t\t\t\t\t\t\t\t<span class=\"elementor-button-text\">Reservar<\/span>\n\t\t\t\t\t<\/span>\n\t\t\t\t\t<\/a>\n\t\t\t\t<\/div>\n\t\t\t\t\t\t\t\t<\/div>\n\t\t\t\t<\/div>\n\t\t\t\t\t<\/div>\n\t\t<\/div>\n\t\t\t\t\t<\/div>\n\t\t<\/section>\n\t\t\t\t<section class=\"elementor-section elementor-top-section elementor-element elementor-element-7b84ee1 elementor-section-boxed elementor-section-height-default elementor-section-height-default\" data-id=\"7b84ee1\" data-element_type=\"section\" data-e-type=\"section\">\n\t\t\t\t\t\t<div class=\"elementor-container elementor-column-gap-default\">\n\t\t\t\t\t<div class=\"elementor-column elementor-col-100 elementor-top-column elementor-element elementor-element-9ea337b\" data-id=\"9ea337b\" data-element_type=\"column\" data-e-type=\"column\">\n\t\t\t<div class=\"elementor-widget-wrap elementor-element-populated\">\n\t\t\t\t\t\t<div class=\"elementor-element elementor-element-1b29fac elementor-widget elementor-widget-spacer\" data-id=\"1b29fac\" data-element_type=\"widget\" data-e-type=\"widget\" data-widget_type=\"spacer.default\">\n\t\t\t\t<div class=\"elementor-widget-container\">\n\t\t\t\t\t\t\t<div class=\"elementor-spacer\">\n\t\t\t<div class=\"elementor-spacer-inner\"><\/div>\n\t\t<\/div>\n\t\t\t\t\t\t<\/div>\n\t\t\t\t<\/div>\n\t\t\t\t<div class=\"elementor-element elementor-element-2b3f43c elementor-widget elementor-widget-heading\" data-id=\"2b3f43c\" data-element_type=\"widget\" data-e-type=\"widget\" data-widget_type=\"heading.default\">\n\t\t\t\t<div class=\"elementor-widget-container\">\n\t\t\t\t\t<h2 class=\"elementor-heading-title elementor-size-default\">Verduras cultivadas en el huerto<\/h2>\t\t\t\t<\/div>\n\t\t\t\t<\/div>\n\t\t\t\t\t<\/div>\n\t\t<\/div>\n\t\t\t\t\t<\/div>\n\t\t<\/section>\n\t\t\t\t<section class=\"elementor-section elementor-top-section elementor-element elementor-element-6fd5770 elementor-section-boxed elementor-section-height-default elementor-section-height-default\" data-id=\"6fd5770\" data-element_type=\"section\" data-e-type=\"section\">\n\t\t\t\t\t\t<div class=\"elementor-container elementor-column-gap-default\">\n\t\t\t\t\t<div class=\"elementor-column elementor-col-50 elementor-top-column elementor-element elementor-element-d262784\" data-id=\"d262784\" data-element_type=\"column\" data-e-type=\"column\">\n\t\t\t<div class=\"elementor-widget-wrap elementor-element-populated\">\n\t\t\t\t\t\t<div class=\"elementor-element elementor-element-02e4f51 elementor-widget elementor-widget-heading\" data-id=\"02e4f51\" data-element_type=\"widget\" data-e-type=\"widget\" data-widget_type=\"heading.default\">\n\t\t\t\t<div class=\"elementor-widget-container\">\n\t\t\t\t\t<h2 class=\"elementor-heading-title elementor-size-default\">De la tierra a la mesa<\/h2>\t\t\t\t<\/div>\n\t\t\t\t<\/div>\n\t\t\t\t<div class=\"elementor-element elementor-element-df598ef elementor-widget elementor-widget-heading\" data-id=\"df598ef\" data-element_type=\"widget\" data-e-type=\"widget\" data-widget_type=\"heading.default\">\n\t\t\t\t<div class=\"elementor-widget-container\">\n\t\t\t\t\t<p class=\"elementor-heading-title elementor-size-default\">Con m\u00e1s de media manzana de suelo reconstruido al nivel de natural y org\u00e1nico, nuestros hortelanos se especializan en permacultura y sistemas de agricultura sostenible. Esto garantiza el uso de los ingredientes m\u00e1s frescos para todos nuestros platos. Nuestra prioridad es apoyar un estilo de vida saludable para nuestros hu\u00e9spedes y la comunidad local, que nos permita ser conscientes de nuestros efectos en el planeta y ser un ejemplo de las t\u00e9cnicas de sostenibilidad en la producci\u00f3n de alimentos. En nuestro restaurante, usted tendr\u00e1 el placer de disfrutar de las verduras y hierbas que cultivamos. Ofrecemos excursiones diarias para explorar las diferentes variedades de cultivos y s\u00faper=alimentos con opci\u00f3n a compra.<\/p>\t\t\t\t<\/div>\n\t\t\t\t<\/div>\n\t\t\t\t<div class=\"elementor-element elementor-element-97ba45a elementor-widget elementor-widget-heading\" data-id=\"97ba45a\" data-element_type=\"widget\" data-e-type=\"widget\" data-widget_type=\"heading.default\">\n\t\t\t\t<div class=\"elementor-widget-container\">\n\t\t\t\t\t<h2 class=\"elementor-heading-title elementor-size-default\">Beneficios<\/h2>\t\t\t\t<\/div>\n\t\t\t\t<\/div>\n\t\t\t\t<div class=\"elementor-element elementor-element-5d85116 elementor-widget elementor-widget-heading\" data-id=\"5d85116\" data-element_type=\"widget\" data-e-type=\"widget\" data-widget_type=\"heading.default\">\n\t\t\t\t<div class=\"elementor-widget-container\">\n\t\t\t\t\t<p class=\"elementor-heading-title elementor-size-default\">Las pr\u00e1cticas agr\u00edcolas org\u00e1nicas y sostenibles reducen la contaminaci\u00f3n, conservan el agua, reducen la erosi\u00f3n del suelo; con el uso de fertilizantes naturales las malezas son controladas de forma natural, usando adem\u00e1s coberturas naturales, abonos verdes y labranza m\u00ednima lo que elimina pr\u00e1cticamente el ataque de plagas.<\/p>\t\t\t\t<\/div>\n\t\t\t\t<\/div>\n\t\t\t\t\t<\/div>\n\t\t<\/div>\n\t\t\t\t<div class=\"elementor-column elementor-col-50 elementor-top-column elementor-element elementor-element-886c926\" data-id=\"886c926\" data-element_type=\"column\" data-e-type=\"column\">\n\t\t\t<div class=\"elementor-widget-wrap elementor-element-populated\">\n\t\t\t\t\t\t<div class=\"elementor-element elementor-element-9b63b3c elementor-widget elementor-widget-image-gallery\" data-id=\"9b63b3c\" data-element_type=\"widget\" data-e-type=\"widget\" data-widget_type=\"image-gallery.default\">\n\t\t\t\t<div class=\"elementor-widget-container\">\n\t\t\t\t\t\t\t<div class=\"elementor-image-gallery\">\n\t\t\t<div id='gallery-1' class='gallery galleryid-679 gallery-columns-3 gallery-size-thumbnail'><figure class='gallery-item'>\n\t\t\t<div class='gallery-icon landscape'>\n\t\t\t\t<a data-elementor-open-lightbox=\"yes\" data-elementor-lightbox-slideshow=\"9b63b3c\" data-elementor-lightbox-title=\"IMG_1870 (1)\" data-e-action-hash=\"#elementor-action%3Aaction%3Dlightbox%26settings%3DeyJpZCI6Njg5LCJ1cmwiOiJodHRwczpcL1wvaG90ZWx0b2xpbWFuLmNvbVwvd3AtY29udGVudFwvdXBsb2Fkc1wvMjAyMVwvMDZcL0lNR18xODcwLTEuanBnIiwic2xpZGVzaG93IjoiOWI2M2IzYyJ9\" href='https:\/\/hoteltoliman.com\/wp-content\/uploads\/2021\/06\/IMG_1870-1.jpg'><img decoding=\"async\" width=\"150\" height=\"150\" src=\"https:\/\/hoteltoliman.com\/wp-content\/uploads\/2021\/06\/IMG_1870-1-150x150.jpg\" class=\"attachment-thumbnail size-thumbnail\" alt=\"\" \/><\/a>\n\t\t\t<\/div><\/figure><figure class='gallery-item'>\n\t\t\t<div class='gallery-icon portrait'>\n\t\t\t\t<a data-elementor-open-lightbox=\"yes\" data-elementor-lightbox-slideshow=\"9b63b3c\" data-elementor-lightbox-title=\"_DSC1004 sm (1)\" data-e-action-hash=\"#elementor-action%3Aaction%3Dlightbox%26settings%3DeyJpZCI6NjkwLCJ1cmwiOiJodHRwczpcL1wvaG90ZWx0b2xpbWFuLmNvbVwvd3AtY29udGVudFwvdXBsb2Fkc1wvMjAyMVwvMDZcL0RTQzEwMDQtc20tMS5qcGciLCJzbGlkZXNob3ciOiI5YjYzYjNjIn0%3D\" href='https:\/\/hoteltoliman.com\/wp-content\/uploads\/2021\/06\/DSC1004-sm-1.jpg'><img decoding=\"async\" width=\"150\" height=\"150\" src=\"https:\/\/hoteltoliman.com\/wp-content\/uploads\/2021\/06\/DSC1004-sm-1-150x150.jpg\" class=\"attachment-thumbnail size-thumbnail\" alt=\"\" \/><\/a>\n\t\t\t<\/div><\/figure><figure class='gallery-item'>\n\t\t\t<div class='gallery-icon landscape'>\n\t\t\t\t<a data-elementor-open-lightbox=\"yes\" data-elementor-lightbox-slideshow=\"9b63b3c\" data-elementor-lightbox-title=\"12605423_1046069395446016_2123485442522753454_o (1)\" data-e-action-hash=\"#elementor-action%3Aaction%3Dlightbox%26settings%3DeyJpZCI6NjkxLCJ1cmwiOiJodHRwczpcL1wvaG90ZWx0b2xpbWFuLmNvbVwvd3AtY29udGVudFwvdXBsb2Fkc1wvMjAyMVwvMDZcLzEyNjA1NDIzXzEwNDYwNjkzOTU0NDYwMTZfMjEyMzQ4NTQ0MjUyMjc1MzQ1NF9vLTEuanBnIiwic2xpZGVzaG93IjoiOWI2M2IzYyJ9\" href='https:\/\/hoteltoliman.com\/wp-content\/uploads\/2021\/06\/12605423_1046069395446016_2123485442522753454_o-1.jpg'><img decoding=\"async\" width=\"150\" height=\"150\" src=\"https:\/\/hoteltoliman.com\/wp-content\/uploads\/2021\/06\/12605423_1046069395446016_2123485442522753454_o-1-150x150.jpg\" class=\"attachment-thumbnail size-thumbnail\" alt=\"\" \/><\/a>\n\t\t\t<\/div><\/figure><figure class='gallery-item'>\n\t\t\t<div class='gallery-icon landscape'>\n\t\t\t\t<a data-elementor-open-lightbox=\"yes\" data-elementor-lightbox-slideshow=\"9b63b3c\" data-elementor-lightbox-title=\"Ensalada del Huerto (1)\" data-e-action-hash=\"#elementor-action%3Aaction%3Dlightbox%26settings%3DeyJpZCI6NjkyLCJ1cmwiOiJodHRwczpcL1wvaG90ZWx0b2xpbWFuLmNvbVwvd3AtY29udGVudFwvdXBsb2Fkc1wvMjAyMVwvMDZcL0Vuc2FsYWRhLWRlbC1IdWVydG8tMS0xLmpwZyIsInNsaWRlc2hvdyI6IjliNjNiM2MifQ%3D%3D\" href='https:\/\/hoteltoliman.com\/wp-content\/uploads\/2021\/06\/Ensalada-del-Huerto-1-1.jpg'><img loading=\"lazy\" decoding=\"async\" width=\"150\" height=\"150\" src=\"https:\/\/hoteltoliman.com\/wp-content\/uploads\/2021\/06\/Ensalada-del-Huerto-1-1-150x150.jpg\" class=\"attachment-thumbnail size-thumbnail\" alt=\"\" srcset=\"https:\/\/hoteltoliman.com\/wp-content\/uploads\/2021\/06\/Ensalada-del-Huerto-1-1-150x150.jpg 150w, https:\/\/hoteltoliman.com\/wp-content\/uploads\/2021\/06\/Ensalada-del-Huerto-1-1-13x12.jpg 13w\" sizes=\"(max-width: 150px) 100vw, 150px\" \/><\/a>\n\t\t\t<\/div><\/figure><figure class='gallery-item'>\n\t\t\t<div class='gallery-icon landscape'>\n\t\t\t\t<a data-elementor-open-lightbox=\"yes\" data-elementor-lightbox-slideshow=\"9b63b3c\" data-elementor-lightbox-title=\"juanita_2 (1)\" data-e-action-hash=\"#elementor-action%3Aaction%3Dlightbox%26settings%3DeyJpZCI6NjkzLCJ1cmwiOiJodHRwczpcL1wvaG90ZWx0b2xpbWFuLmNvbVwvd3AtY29udGVudFwvdXBsb2Fkc1wvMjAyMVwvMDZcL2p1YW5pdGFfMi0xLmpwZyIsInNsaWRlc2hvdyI6IjliNjNiM2MifQ%3D%3D\" href='https:\/\/hoteltoliman.com\/wp-content\/uploads\/2021\/06\/juanita_2-1.jpg'><img loading=\"lazy\" decoding=\"async\" width=\"150\" height=\"150\" src=\"https:\/\/hoteltoliman.com\/wp-content\/uploads\/2021\/06\/juanita_2-1-150x150.jpg\" class=\"attachment-thumbnail size-thumbnail\" alt=\"\" srcset=\"https:\/\/hoteltoliman.com\/wp-content\/uploads\/2021\/06\/juanita_2-1-150x150.jpg 150w, https:\/\/hoteltoliman.com\/wp-content\/uploads\/2021\/06\/juanita_2-1-13x12.jpg 13w\" sizes=\"(max-width: 150px) 100vw, 150px\" \/><\/a>\n\t\t\t<\/div><\/figure><figure class='gallery-item'>\n\t\t\t<div class='gallery-icon landscape'>\n\t\t\t\t<a data-elementor-open-lightbox=\"yes\" data-elementor-lightbox-slideshow=\"9b63b3c\" data-elementor-lightbox-title=\"IMG_0614 (1)\" data-e-action-hash=\"#elementor-action%3Aaction%3Dlightbox%26settings%3DeyJpZCI6Njk0LCJ1cmwiOiJodHRwczpcL1wvaG90ZWx0b2xpbWFuLmNvbVwvd3AtY29udGVudFwvdXBsb2Fkc1wvMjAyMVwvMDZcL0lNR18wNjE0LTEuanBnIiwic2xpZGVzaG93IjoiOWI2M2IzYyJ9\" href='https:\/\/hoteltoliman.com\/wp-content\/uploads\/2021\/06\/IMG_0614-1.jpg'><img loading=\"lazy\" decoding=\"async\" width=\"150\" height=\"150\" src=\"https:\/\/hoteltoliman.com\/wp-content\/uploads\/2021\/06\/IMG_0614-1-150x150.jpg\" class=\"attachment-thumbnail size-thumbnail\" alt=\"\" srcset=\"https:\/\/hoteltoliman.com\/wp-content\/uploads\/2021\/06\/IMG_0614-1-150x150.jpg 150w, https:\/\/hoteltoliman.com\/wp-content\/uploads\/2021\/06\/IMG_0614-1-300x300.jpg 300w, https:\/\/hoteltoliman.com\/wp-content\/uploads\/2021\/06\/IMG_0614-1-768x768.jpg 768w, https:\/\/hoteltoliman.com\/wp-content\/uploads\/2021\/06\/IMG_0614-1-12x12.jpg 12w, https:\/\/hoteltoliman.com\/wp-content\/uploads\/2021\/06\/IMG_0614-1.jpg 800w\" sizes=\"(max-width: 150px) 100vw, 150px\" \/><\/a>\n\t\t\t<\/div><\/figure><figure class='gallery-item'>\n\t\t\t<div class='gallery-icon landscape'>\n\t\t\t\t<a data-elementor-open-lightbox=\"yes\" data-elementor-lightbox-slideshow=\"9b63b3c\" data-elementor-lightbox-title=\"12052355_992704607449162_8809473693335673844_o-2 (1)\" data-e-action-hash=\"#elementor-action%3Aaction%3Dlightbox%26settings%3DeyJpZCI6Njk1LCJ1cmwiOiJodHRwczpcL1wvaG90ZWx0b2xpbWFuLmNvbVwvd3AtY29udGVudFwvdXBsb2Fkc1wvMjAyMVwvMDZcLzEyMDUyMzU1Xzk5MjcwNDYwNzQ0OTE2Ml84ODA5NDczNjkzMzM1NjczODQ0X28tMi0xLmpwZyIsInNsaWRlc2hvdyI6IjliNjNiM2MifQ%3D%3D\" href='https:\/\/hoteltoliman.com\/wp-content\/uploads\/2021\/06\/12052355_992704607449162_8809473693335673844_o-2-1.jpg'><img loading=\"lazy\" decoding=\"async\" width=\"150\" height=\"150\" src=\"https:\/\/hoteltoliman.com\/wp-content\/uploads\/2021\/06\/12052355_992704607449162_8809473693335673844_o-2-1-150x150.jpg\" class=\"attachment-thumbnail size-thumbnail\" alt=\"\" \/><\/a>\n\t\t\t<\/div><\/figure><figure class='gallery-item'>\n\t\t\t<div class='gallery-icon landscape'>\n\t\t\t\t<a data-elementor-open-lightbox=\"yes\" data-elementor-lightbox-slideshow=\"9b63b3c\" data-elementor-lightbox-title=\"IMG_1837 (1)\" data-e-action-hash=\"#elementor-action%3Aaction%3Dlightbox%26settings%3DeyJpZCI6Njk2LCJ1cmwiOiJodHRwczpcL1wvaG90ZWx0b2xpbWFuLmNvbVwvd3AtY29udGVudFwvdXBsb2Fkc1wvMjAyMVwvMDZcL0lNR18xODM3LTEuanBnIiwic2xpZGVzaG93IjoiOWI2M2IzYyJ9\" href='https:\/\/hoteltoliman.com\/wp-content\/uploads\/2021\/06\/IMG_1837-1.jpg'><img loading=\"lazy\" decoding=\"async\" width=\"150\" height=\"150\" src=\"https:\/\/hoteltoliman.com\/wp-content\/uploads\/2021\/06\/IMG_1837-1-150x150.jpg\" class=\"attachment-thumbnail size-thumbnail\" alt=\"\" \/><\/a>\n\t\t\t<\/div><\/figure><figure class='gallery-item'>\n\t\t\t<div class='gallery-icon landscape'>\n\t\t\t\t<a data-elementor-open-lightbox=\"yes\" data-elementor-lightbox-slideshow=\"9b63b3c\" data-elementor-lightbox-title=\"Flores 1 (1)\" data-e-action-hash=\"#elementor-action%3Aaction%3Dlightbox%26settings%3DeyJpZCI6Njk3LCJ1cmwiOiJodHRwczpcL1wvaG90ZWx0b2xpbWFuLmNvbVwvd3AtY29udGVudFwvdXBsb2Fkc1wvMjAyMVwvMDZcL0Zsb3Jlcy0xLTEuanBnIiwic2xpZGVzaG93IjoiOWI2M2IzYyJ9\" href='https:\/\/hoteltoliman.com\/wp-content\/uploads\/2021\/06\/Flores-1-1.jpg'><img loading=\"lazy\" decoding=\"async\" width=\"150\" height=\"150\" src=\"https:\/\/hoteltoliman.com\/wp-content\/uploads\/2021\/06\/Flores-1-1-150x150.jpg\" class=\"attachment-thumbnail size-thumbnail\" alt=\"\" \/><\/a>\n\t\t\t<\/div><\/figure><figure class='gallery-item'>\n\t\t\t<div class='gallery-icon landscape'>\n\t\t\t\t<a data-elementor-open-lightbox=\"yes\" data-elementor-lightbox-slideshow=\"9b63b3c\" data-elementor-lightbox-title=\"Postre (1)\" data-e-action-hash=\"#elementor-action%3Aaction%3Dlightbox%26settings%3DeyJpZCI6Njk4LCJ1cmwiOiJodHRwczpcL1wvaG90ZWx0b2xpbWFuLmNvbVwvd3AtY29udGVudFwvdXBsb2Fkc1wvMjAyMVwvMDZcL1Bvc3RyZS0xLmpwZyIsInNsaWRlc2hvdyI6IjliNjNiM2MifQ%3D%3D\" href='https:\/\/hoteltoliman.com\/wp-content\/uploads\/2021\/06\/Postre-1.jpg'><img loading=\"lazy\" decoding=\"async\" width=\"150\" height=\"150\" src=\"https:\/\/hoteltoliman.com\/wp-content\/uploads\/2021\/06\/Postre-1-150x150.jpg\" class=\"attachment-thumbnail size-thumbnail\" alt=\"\" \/><\/a>\n\t\t\t<\/div><\/figure><figure class='gallery-item'>\n\t\t\t<div class='gallery-icon portrait'>\n\t\t\t\t<a data-elementor-open-lightbox=\"yes\" data-elementor-lightbox-slideshow=\"9b63b3c\" data-elementor-lightbox-title=\"IMG_1798_fx (1)\" data-e-action-hash=\"#elementor-action%3Aaction%3Dlightbox%26settings%3DeyJpZCI6Njk5LCJ1cmwiOiJodHRwczpcL1wvaG90ZWx0b2xpbWFuLmNvbVwvd3AtY29udGVudFwvdXBsb2Fkc1wvMjAyMVwvMDZcL0lNR18xNzk4X2Z4LTEuanBnIiwic2xpZGVzaG93IjoiOWI2M2IzYyJ9\" href='https:\/\/hoteltoliman.com\/wp-content\/uploads\/2021\/06\/IMG_1798_fx-1.jpg'><img loading=\"lazy\" decoding=\"async\" width=\"150\" height=\"150\" src=\"https:\/\/hoteltoliman.com\/wp-content\/uploads\/2021\/06\/IMG_1798_fx-1-150x150.jpg\" class=\"attachment-thumbnail size-thumbnail\" alt=\"\" \/><\/a>\n\t\t\t<\/div><\/figure>\n\t\t<\/div>\n\t\t<\/div>\n\t\t\t\t\t\t<\/div>\n\t\t\t\t<\/div>\n\t\t\t\t\t<\/div>\n\t\t<\/div>\n\t\t\t\t\t<\/div>\n\t\t<\/section>\n\t\t\t\t<section class=\"elementor-section elementor-top-section elementor-element elementor-element-57a0732 elementor-section-boxed elementor-section-height-default elementor-section-height-default\" data-id=\"57a0732\" data-element_type=\"section\" data-e-type=\"section\">\n\t\t\t\t\t\t<div class=\"elementor-container elementor-column-gap-default\">\n\t\t\t\t\t<div class=\"elementor-column elementor-col-100 elementor-top-column elementor-element elementor-element-40bd093\" data-id=\"40bd093\" data-element_type=\"column\" data-e-type=\"column\">\n\t\t\t<div class=\"elementor-widget-wrap elementor-element-populated\">\n\t\t\t\t\t\t<div class=\"elementor-element elementor-element-c56c43a elementor-widget elementor-widget-spacer\" data-id=\"c56c43a\" data-element_type=\"widget\" data-e-type=\"widget\" data-widget_type=\"spacer.default\">\n\t\t\t\t<div class=\"elementor-widget-container\">\n\t\t\t\t\t\t\t<div class=\"elementor-spacer\">\n\t\t\t<div class=\"elementor-spacer-inner\"><\/div>\n\t\t<\/div>\n\t\t\t\t\t\t<\/div>\n\t\t\t\t<\/div>\n\t\t\t\t<div class=\"elementor-element elementor-element-94143f6 elementor-widget elementor-widget-heading\" data-id=\"94143f6\" data-element_type=\"widget\" data-e-type=\"widget\" data-widget_type=\"heading.default\">\n\t\t\t\t<div class=\"elementor-widget-container\">\n\t\t\t\t\t<h2 class=\"elementor-heading-title elementor-size-default\">Men\u00fa del restaurante<\/h2>\t\t\t\t<\/div>\n\t\t\t\t<\/div>\n\t\t\t\t<div class=\"elementor-element elementor-element-fc11a4e elementor-widget elementor-widget-heading\" data-id=\"fc11a4e\" data-element_type=\"widget\" data-e-type=\"widget\" data-widget_type=\"heading.default\">\n\t\t\t\t<div class=\"elementor-widget-container\">\n\t\t\t\t\t<p class=\"elementor-heading-title elementor-size-default\">\u00a1Dale clic abajo para ver nuestro mas reciente men\u00fa!<\/p>\t\t\t\t<\/div>\n\t\t\t\t<\/div>\n\t\t\t\t<div class=\"elementor-element elementor-element-57c50e3 elementor-align-center elementor-widget elementor-widget-button\" data-id=\"57c50e3\" data-element_type=\"widget\" data-e-type=\"widget\" data-widget_type=\"button.default\">\n\t\t\t\t<div class=\"elementor-widget-container\">\n\t\t\t\t\t\t\t\t\t<div class=\"elementor-button-wrapper\">\n\t\t\t\t\t<a class=\"elementor-button elementor-button-link elementor-size-sm\" href=\"https:\/\/drive.google.com\/drive\/folders\/1djKLrlZrbW2Vr2QmzbEkTKdHdmnTKVJj\" target=\"_blank\">\n\t\t\t\t\t\t<span class=\"elementor-button-content-wrapper\">\n\t\t\t\t\t\t\t\t\t<span class=\"elementor-button-text\">Menu<\/span>\n\t\t\t\t\t<\/span>\n\t\t\t\t\t<\/a>\n\t\t\t\t<\/div>\n\t\t\t\t\t\t\t\t<\/div>\n\t\t\t\t<\/div>\n\t\t\t\t\t<\/div>\n\t\t<\/div>\n\t\t\t\t\t<\/div>\n\t\t<\/section>\n\t\t\t\t<\/div>","protected":false},"excerpt":{"rendered":"<p>Restaurant Organic &amp; Local Make a reservation Vegetables cultivated on the farmhouse From farm to table We cultivate over one acre of land on-site to offer you the freshest and most delicious food possible. Specialized in permaculture and ecological farming, we strive to be an example of sustainability in food production. Our goal is to [&hellip;]<\/p>\n","protected":false},"author":5,"featured_media":0,"parent":0,"menu_order":0,"comment_status":"closed","ping_status":"closed","template":"","meta":{"ocean_post_layout":"full-screen","ocean_both_sidebars_style":"","ocean_both_sidebars_content_width":0,"ocean_both_sidebars_sidebars_width":0,"ocean_sidebar":"","ocean_second_sidebar":"","ocean_disable_margins":"on","ocean_add_body_class":"","ocean_shortcode_before_top_bar":"","ocean_shortcode_after_top_bar":"","ocean_shortcode_before_header":"","ocean_shortcode_after_header":"","ocean_has_shortcode":"","ocean_shortcode_after_title":"","ocean_shortcode_before_footer_widgets":"","ocean_shortcode_after_footer_widgets":"","ocean_shortcode_before_footer_bottom":"","ocean_shortcode_after_footer_bottom":"","ocean_display_top_bar":"default","ocean_display_header":"default","ocean_header_style":"","ocean_center_header_left_menu":"","ocean_custom_header_template":"","ocean_custom_logo":0,"ocean_custom_retina_logo":0,"ocean_custom_logo_max_width":0,"ocean_custom_logo_tablet_max_width":0,"ocean_custom_logo_mobile_max_width":0,"ocean_custom_logo_max_height":0,"ocean_custom_logo_tablet_max_height":0,"ocean_custom_logo_mobile_max_height":0,"ocean_header_custom_menu":"","ocean_menu_typo_font_family":"","ocean_menu_typo_font_subset":"","ocean_menu_typo_font_size":0,"ocean_menu_typo_font_size_tablet":0,"ocean_menu_typo_font_size_mobile":0,"ocean_menu_typo_font_size_unit":"px","ocean_menu_typo_font_weight":"","ocean_menu_typo_font_weight_tablet":"","ocean_menu_typo_font_weight_mobile":"","ocean_menu_typo_transform":"","ocean_menu_typo_transform_tablet":"","ocean_menu_typo_transform_mobile":"","ocean_menu_typo_line_height":0,"ocean_menu_typo_line_height_tablet":0,"ocean_menu_typo_line_height_mobile":0,"ocean_menu_typo_line_height_unit":"","ocean_menu_typo_spacing":0,"ocean_menu_typo_spacing_tablet":0,"ocean_menu_typo_spacing_mobile":0,"ocean_menu_typo_spacing_unit":"","ocean_menu_link_color":"","ocean_menu_link_color_hover":"","ocean_menu_link_color_active":"","ocean_menu_link_background":"","ocean_menu_link_hover_background":"","ocean_menu_link_active_background":"","ocean_menu_social_links_bg":"","ocean_menu_social_hover_links_bg":"","ocean_menu_social_links_color":"","ocean_menu_social_hover_links_color":"","ocean_disable_title":"on","ocean_disable_heading":"default","ocean_post_title":"","ocean_post_subheading":"","ocean_post_title_style":"","ocean_post_title_background_color":"","ocean_post_title_background":0,"ocean_post_title_bg_image_position":"","ocean_post_title_bg_image_attachment":"","ocean_post_title_bg_image_repeat":"","ocean_post_title_bg_image_size":"","ocean_post_title_height":0,"ocean_post_title_bg_overlay":0.5,"ocean_post_title_bg_overlay_color":"","ocean_disable_breadcrumbs":"default","ocean_breadcrumbs_color":"","ocean_breadcrumbs_separator_color":"","ocean_breadcrumbs_links_color":"","ocean_breadcrumbs_links_hover_color":"","ocean_display_footer_widgets":"default","ocean_display_footer_bottom":"default","ocean_custom_footer_template":"","_joinchat":[],"footnotes":""},"class_list":["post-679","page","type-page","status-publish","hentry","entry"],"_links":{"self":[{"href":"https:\/\/hoteltoliman.com\/es\/wp-json\/wp\/v2\/pages\/679","targetHints":{"allow":["GET"]}}],"collection":[{"href":"https:\/\/hoteltoliman.com\/es\/wp-json\/wp\/v2\/pages"}],"about":[{"href":"https:\/\/hoteltoliman.com\/es\/wp-json\/wp\/v2\/types\/page"}],"author":[{"embeddable":true,"href":"https:\/\/hoteltoliman.com\/es\/wp-json\/wp\/v2\/users\/5"}],"replies":[{"embeddable":true,"href":"https:\/\/hoteltoliman.com\/es\/wp-json\/wp\/v2\/comments?post=679"}],"version-history":[{"count":9,"href":"https:\/\/hoteltoliman.com\/es\/wp-json\/wp\/v2\/pages\/679\/revisions"}],"predecessor-version":[{"id":2059,"href":"https:\/\/hoteltoliman.com\/es\/wp-json\/wp\/v2\/pages\/679\/revisions\/2059"}],"wp:attachment":[{"href":"https:\/\/hoteltoliman.com\/es\/wp-json\/wp\/v2\/media?parent=679"}],"curies":[{"name":"wp","href":"https:\/\/api.w.org\/{rel}","templated":true}]}}